{"id":5,"date":"2014-07-30T00:01:28","date_gmt":"2014-07-30T00:01:28","guid":{"rendered":"http:\/\/hugs-torgau.com\/?page_id=5"},"modified":"2018-12-30T13:03:27","modified_gmt":"2018-12-30T13:03:27","slug":"unsere-leistungen","status":"publish","type":"page","link":"http:\/\/hugs-torgau.com\/","title":{"rendered":"Unsere Leistungen"},"content":{"rendered":"<table style=\"height: 428px;\" width=\"853\">\n<tbody>\n<tr>\n<td><a href=\"http:\/\/hugs-torgau.com\/wp-content\/uploads\/2014\/07\/schrauber.jpg\"><img loading=\"lazy\" decoding=\"async\" class=\"aligncenter wp-image-53\" src=\"http:\/\/hugs-torgau.com\/wp-content\/uploads\/2014\/07\/schrauber.jpg\" alt=\"schrauber\" width=\"300\" height=\"300\" \/><\/a><\/td>\n<td><strong>Trockenbau<\/strong><br \/>\nist eine Form des Herstellens von raumbegrenzenden, aber nicht tragenden Bauteilen im Bauwesen, die durch Zusammenf\u00fcgen industrieller Halbzeuge erfolgt. Die Verbindung der Halbzeuge geschieht etwa durch Schrauben oder Stecken, es werden keine wasserhaltigen Baustoffe wie M\u00f6rtel, Lehm, Beton oder Putz verwendet. (Quelle: Wikipedia)<\/td>\n<\/tr>\n<tr>\n<td><a href=\"http:\/\/hugs-torgau.com\/wp-content\/uploads\/2014\/07\/helm.jpg\"><img loading=\"lazy\" decoding=\"async\" class=\"aligncenter size-full wp-image-51\" src=\"http:\/\/hugs-torgau.com\/wp-content\/uploads\/2014\/07\/helm.jpg\" alt=\"helm\" width=\"78\" height=\"78\" \/><\/a><\/td>\n<td><strong>Bautenschutz<\/strong><br \/>\nist Bestandteil der Bauphysik und beschreibt Ma\u00dfnahmen an Bauwerken, um sie vor sch\u00e4dlichen und gef\u00e4hrlichen Einwirkungen zu sch\u00fctzen. Diese Einwirkungen bedrohen den Bestand des Bauwerks und k\u00f6nnen auf lange Sicht zu Bausch\u00e4den f\u00fchren. (Quelle: Wikipedia)<\/td>\n<\/tr>\n<tr>\n<td><a href=\"http:\/\/hugs-torgau.com\/wp-content\/uploads\/2014\/07\/hammer.jpg\"><img loading=\"lazy\" decoding=\"async\" class=\"aligncenter size-full wp-image-50\" src=\"http:\/\/hugs-torgau.com\/wp-content\/uploads\/2014\/07\/hammer.jpg\" alt=\"hammer\" width=\"78\" height=\"78\" \/><\/a><\/td>\n<td><strong>Pflasterarbeiten<\/strong><br \/>\nAls Pflaster wird ein Belag f\u00fcr Verkehrsfl\u00e4chen im Stra\u00dfen- und Wegebau und seltener f\u00fcr Fu\u00dfb\u00f6den in Geb\u00e4uden bezeichnet.<\/td>\n<\/tr>\n<tr>\n<td><a href=\"http:\/\/hugs-torgau.com\/wp-content\/uploads\/2014\/07\/kelle.jpg\"><img loading=\"lazy\" decoding=\"async\" class=\"aligncenter size-full wp-image-52\" src=\"http:\/\/hugs-torgau.com\/wp-content\/uploads\/2014\/07\/kelle.jpg\" alt=\"kelle\" width=\"78\" height=\"78\" \/><\/a><\/td>\n<td><strong>Putzarbeiten (Au\u00dfenputz, Innenputz)<\/strong><br \/>\nAls Putz oder Verputz bezeichnet man einen Belag aus Putzm\u00f6rtel, der auf Mauerwerk oder Betonfl\u00e4chen an Au\u00dfen- und Innenw\u00e4nden sowie Decken aufgebracht wird. Je nach Einsatzart erf\u00fcllt der Putz verschiedene Zwecke, z. B. Herstellung eines glatten Untergrundes zum Beschichten, Fliesen, Streichen oder Tapezieren, Regulierung der Raumfeuchte bei Innenputzen, W\u00e4rmed\u00e4mmung und Wasserabweisung bei Au\u00dfenputzen und die Herstellung eines \u00e4sthetischen Erscheinungsbildes.<\/td>\n<\/tr>\n<\/tbody>\n<\/table>\n<p>&nbsp;<\/p>\n","protected":false},"excerpt":{"rendered":"<p>Trockenbau ist eine Form des Herstellens von raumbegrenzenden, aber nicht tragenden Bauteilen im Bauwesen, die durch Zusammenf\u00fcgen industrieller Halbzeuge erfolgt. Die Verbindung der Halbzeuge geschieht etwa durch Schrauben oder Stecken, es werden keine wasserhaltigen Baustoffe wie M\u00f6rtel, Lehm, Beton oder Putz verwendet. (Quelle: Wikipedia) Bautenschutz ist Bestandteil der Bauphysik und beschreibt Ma\u00dfnahmen an Bauwerken, um [&hellip;]<\/p>\n","protected":false},"author":1,"featured_media":0,"parent":0,"menu_order":0,"comment_status":"closed","ping_status":"closed","template":"","meta":{"footnotes":""},"_links":{"self":[{"href":"http:\/\/hugs-torgau.com\/index.php?rest_route=\/wp\/v2\/pages\/5"}],"collection":[{"href":"http:\/\/hugs-torgau.com\/index.php?rest_route=\/wp\/v2\/pages"}],"about":[{"href":"http:\/\/hugs-torgau.com\/index.php?rest_route=\/wp\/v2\/types\/page"}],"author":[{"embeddable":true,"href":"http:\/\/hugs-torgau.com\/index.php?rest_route=\/wp\/v2\/users\/1"}],"replies":[{"embeddable":true,"href":"http:\/\/hugs-torgau.com\/index.php?rest_route=%2Fwp%2Fv2%2Fcomments&post=5"}],"version-history":[{"count":14,"href":"http:\/\/hugs-torgau.com\/index.php?rest_route=\/wp\/v2\/pages\/5\/revisions"}],"predecessor-version":[{"id":97,"href":"http:\/\/hugs-torgau.com\/index.php?rest_route=\/wp\/v2\/pages\/5\/revisions\/97"}],"wp:attachment":[{"href":"http:\/\/hugs-torgau.com\/index.php?rest_route=%2Fwp%2Fv2%2Fmedia&parent=5"}],"curies":[{"name":"wp","href":"https:\/\/api.w.org\/{rel}","templated":true}]}}